{"id":55338,"date":"2026-01-09T14:35:00","date_gmt":"2026-01-09T14:35:00","guid":{"rendered":"https:\/\/medqpharmaceuticalsupplies.co.za\/?post_type=product&#038;p=55338"},"modified":"2026-01-09T14:36:03","modified_gmt":"2026-01-09T14:36:03","slug":"import-placeholder-for-17082","status":"publish","type":"product","link":"https:\/\/medqpharmaceuticalsupplies.co.za\/?product=import-placeholder-for-17082","title":{"rendered":"Import placeholder for 17082"},"content":{"rendered":"<h2>Amniotic Hook Crv \u2013 Disposable pack of 100<\/h2>\n<p>Amniotic Hook Crv \u2013 Disposable pack of 100<\/p>\n<p>\u00a0<\/p>\n<p><a href=\"https:\/\/afrimedics.co.za\/product-category\/disposables\/\"><img decoding=\"async\" src=\"https:\/\/sc01.alicdn.com\/kf\/HTB10tPRa_tYBeNjy1Xdq6xXyVXaW\/Medical-supplies-gynecology-with-a-small-pointed.jpg\" alt=\"\u00d8\u00a7\u00d9\u00d8\u00a5\u00d9\u00d8\u00af\u00d8\u00a7\u00d8\u00af\u00d8\u00a7\u00d8\u00aa \u00d8\u00a7\u00d9\u00d8\u00b7\u00d8\u00a8\u00d9\u00d8\u00a9 \u00d8\u00a3\u00d9\u00d8\u00b1\u00d8\u00a7\u00d8\u00b6 \u00d8\u00a7\u00d9\u00d9\u00d8\u00b3\u00d8\u00a7\u00d8\u00a1 \u00d9\u00d8\u00b9 \u00d8\u00b5\u00d8\u00ba\u00d9\u00d8\u00b1\u00d8\u00a9 \u00d9\u00d8\u00a3\u00d8\u00b4\u00d8\u00a7\u00d8\u00b1 \u00d8\u00a7\u00d9\u00d8\u00a3\u00d8\u00a8\u00d9\u00d8\u00b6 amnio \u00d9\u00d9\u00d9\"><\/a><\/p>\n","protected":false},"excerpt":{"rendered":"<h3>Description<\/h3>\n<p>Amniotic Hook Crv&nbsp;\u2013 Disposable pack of 100<\/p>\n","protected":false},"featured_media":33481,"template":"","meta":{"content-type":""},"product_brand":[],"product_cat":[12794],"product_tag":[11041],"class_list":{"0":"post-55338","1":"product","2":"type-product","3":"status-publish","4":"has-post-thumbnail","6":"product_cat-disposables-medical","7":"product_tag-disposables","9":"first","10":"instock","11":"sale","12":"shipping-taxable","13":"purchasable","14":"product-type-simple"},"_links":{"self":[{"href":"https:\/\/medqpharmaceuticalsupplies.co.za\/index.php?rest_route=\/wp\/v2\/product\/55338","targetHints":{"allow":["GET"]}}],"collection":[{"href":"https:\/\/medqpharmaceuticalsupplies.co.za\/index.php?rest_route=\/wp\/v2\/product"}],"about":[{"href":"https:\/\/medqpharmaceuticalsupplies.co.za\/index.php?rest_route=\/wp\/v2\/types\/product"}],"wp:featuredmedia":[{"embeddable":true,"href":"https:\/\/medqpharmaceuticalsupplies.co.za\/index.php?rest_route=\/wp\/v2\/media\/33481"}],"wp:attachment":[{"href":"https:\/\/medqpharmaceuticalsupplies.co.za\/index.php?rest_route=%2Fwp%2Fv2%2Fmedia&parent=55338"}],"wp:term":[{"taxonomy":"product_brand","embeddable":true,"href":"https:\/\/medqpharmaceuticalsupplies.co.za\/index.php?rest_route=%2Fwp%2Fv2%2Fproduct_brand&post=55338"},{"taxonomy":"product_cat","embeddable":true,"href":"https:\/\/medqpharmaceuticalsupplies.co.za\/index.php?rest_route=%2Fwp%2Fv2%2Fproduct_cat&post=55338"},{"taxonomy":"product_tag","embeddable":true,"href":"https:\/\/medqpharmaceuticalsupplies.co.za\/index.php?rest_route=%2Fwp%2Fv2%2Fproduct_tag&post=55338"}],"curies":[{"name":"wp","href":"https:\/\/api.w.org\/{rel}","templated":true}]}}