{"id":55241,"date":"2026-01-09T14:30:21","date_gmt":"2026-01-09T14:30:21","guid":{"rendered":"https:\/\/medqpharmaceuticalsupplies.co.za\/?post_type=product&#038;p=55241"},"modified":"2026-01-09T14:31:22","modified_gmt":"2026-01-09T14:31:22","slug":"import-placeholder-for-16904","status":"publish","type":"product","link":"https:\/\/medqpharmaceuticalsupplies.co.za\/?product=import-placeholder-for-16904","title":{"rendered":"Import placeholder for 16904"},"content":{"rendered":"<h2>Contec ECG 1200G Electrocardiograph<\/h2>\n<div class=\"sr-txt-title\">\n<h2 class=\"sr-txt-h2\">Product Description<\/h2>\n<\/div>\n<div class=\"sr-layout-content\">\n<div class=\"rich-text cf\"><strong>\u00a0 \u00a0 \u00a0 \u00a0 \u00a0 \u00a0 \u00a0 \u00a0 \u00a0 \u00a0 12 Lead Digital ECG EKG Machine<br \/>Model:ECG1200G Brand:CONTEC<br \/><img decoding=\"async\" src=\"https:\/\/image.made-in-china.com\/226f3j00OaeTIyFclZpj\/Contec-ECG1200g-12-Lead-Digital-ECG-EKG-Machine-Ce.jpg\" alt=\"Contec ECG1200g 12 Lead Digital ECG EKG Machine Ce\" width=\"674px\" data-original=\"\/\/image.made-in-china.com\/226f3j00OaeTIyFclZpj\/Contec-ECG1200g-12-Lead-Digital-ECG-EKG-Machine-Ce.jpg\"><\/strong><\/p>\n<p><strong>Features<\/strong><\/p>\n<div>\n<div>\n<div>\n<div>\n<div>\n<div>1)Sync collection for 12-lead ECG, adopt digital signal processing technology and get high-quality ECG waveform via power frequency filter, baseline filter and EMG filter of ECG signal.<br \/>2)Display of 3\/6\/12-lead ECG, print mode, sensitivity, paper speed and filter state, etc. on one screen, convenient for contrastively diagnosing.<br \/>3)Multiply printing modes and formats, including auto 12\u00d71, auto 6\u00d72+1, auto 6\u00d72+1_H, auto 6\u00d72, auto 6x2_H, auto 3\u00d74+1, auto 3\u00d74+2, rhythm 12, rhythm 10, rhythm 8, rhythm 6, manual, etc. Trend chart and histogram of P-R interval can be printed, waveform length printed can be adjusted, and with time print function, which meets different requirements.<br \/>4)Paper speed: 5mm\/s, 6.25mm\/s, 10mm\/s, 12.5mm\/s, 25mm\/s, 50mm\/s.<br \/>5)With the functions of auto-analysis and auto-diagnosis for routine ECG parameters, provide measurement results and auto-diagnosis conclusion for HR, P-R interval, P Duration, QRS Duration, T Duration, Q-T interval, Q-Tc, P Axis, QRS Axis, T Axis, R(V5), S(V1), R(V5)+S(V1), etc. which reduces the doctor\u2019s burden.<br \/>6)Built-in memory stores up to 1000 cases, convenient for case review and statistic.<br \/>7)Multi-language(Turkish, French, Chinese, English, German, Kazakstan, Polish, Portuguese, Russian, Slovenian, Spanish and Ukrainian) interface and report.<br \/>8)In optimal DC state, up to 10-hour standby time, continuous print more than 3-hour, record up to 300 ECG waveform(commonly, it is 3s case), which meets the requirements of visiting a patient at home and body examination.<\/div>\n<\/div>\n<\/div>\n<\/div>\n<\/div>\n<\/div>\n<div class=\"rich-text-table\">\n<table>\n<tbody>\n<tr>\n<td>Screen size<\/td>\n<td>8 inches<\/td>\n<\/tr>\n<tr>\n<td>Leads<\/td>\n<td>12 leads<\/td>\n<\/tr>\n<tr>\n<td>Input way<\/td>\n<td>Floating and defibrillation protection<\/td>\n<\/tr>\n<tr>\n<td>Lead<\/td>\n<td>Standard 12 leads(model:BIP0057)<\/td>\n<\/tr>\n<tr>\n<td>Patient leak current<\/td>\n<td><10\u00b5A<\/td>\n<\/tr>\n<tr>\n<td>Input impedance<\/td>\n<td>\u226550M\u03a9<\/td>\n<\/tr>\n<tr>\n<td>Frequency response<\/td>\n<td>0.05Hz~150Hz(-3dB)<\/td>\n<\/tr>\n<tr>\n<td>Time constant<\/td>\n<td>Time constant>3.2s<\/td>\n<\/tr>\n<tr>\n<td>CMRR<\/td>\n<td>>60dB, >100dB( Adding filter)<\/td>\n<\/tr>\n<tr>\n<td>EMG interference filter<\/td>\n<td>35Hz(-3dB)<\/td>\n<\/tr>\n<tr>\n<td>Recording way<\/td>\n<td>Thermal printing system<\/td>\n<\/tr>\n<tr>\n<td>Specification of recording paper<\/td>\n<td>210mm(W)*20m(L) high-speed thermal paper<\/td>\n<\/tr>\n<tr>\n<td rowspan=\"3\">Paper speed<\/td>\n<td>Auto record: 25mm\/s, 50mm\/s, error:\u00b15%<\/td>\n<\/tr>\n<tr>\n<td>Rhythm record: 25mm\/s, 50mm\/s, error:\u00b15%<\/td>\n<\/tr>\n<tr>\n<td>Manual record:5mm\/s, 6.25mm\/s, 10mm\/s, 12.5mm\/s, 25mm\/s, 50mm\/s, error:\u00b15%<\/td>\n<\/tr>\n<tr>\n<td>Sensitivity selections<\/td>\n<td>2.5,5,10,20,40mm\/mV, error:\u00b15%. Standard sensitivity is 10mm\/mV\u00b10.2mm\/mV.<\/td>\n<\/tr>\n<tr>\n<td>Auto record<\/td>\n<td>Record setup according to auto record format and mode, automatically changing leads, measuring and analysing.<\/td>\n<\/tr>\n<tr>\n<td>Rhythm record<\/td>\n<td>Record setup according to rhythm record format and mode, automatically measuring and analysing.<\/td>\n<\/tr>\n<tr>\n<td>Manual record<\/td>\n<td>Record setup according to manual record format, manually changing leads.<\/td>\n<\/tr>\n<tr>\n<td>Measurement parameters<\/td>\n<td>HR, P-R interval, P Duration, QRS Duration, T Duration, Q-T interval, Q-Tc, P A*is, QRS A*is, T A*is, R(V5) , S(V1) , R(V5)+S(V1)<\/td>\n<\/tr>\n<tr>\n<td>Product safety type<\/td>\n<td>Class I CF applied part; there is defibrillation and pacing protection circuit in it.<\/td>\n<\/tr>\n<tr>\n<td>Enduring polarization voltage<\/td>\n<td>\u00b1300mV<\/td>\n<\/tr>\n<tr>\n<td>Noise level<\/td>\n<td>\u226415\u00b5Vp-p<\/td>\n<\/tr>\n<tr>\n<td>Fuse specification<\/td>\n<td>2 pcs \u03c65*20mm AC time lag; T1.6A\/250V(Power supply 220V)<\/td>\n<\/tr>\n<tr>\n<td>Size<\/td>\n<td>340mm(L)*320mm(W)*85mm(H)<\/td>\n<\/tr>\n<tr>\n<td>Net Weight<\/td>\n<td>3.2Kg<\/td>\n<\/tr>\n<\/tbody>\n<\/table>\n<\/div>\n<div>\n<div>\n<div>\n<div>\n<div>\n<div><strong>Accessories<\/strong><br \/>Standard:<br \/>-A lead cable<br \/>-A limb electrode<br \/>-A chest electrode<br \/>-A thermal recording paper<br \/>-A power cord<br \/>-An earth wire<br \/>-A user manual<\/p>\n<p>Optional:<br \/>-ECG-Sync software+USB cable<br \/>-ECG electrode<br \/>-Bag<br \/>-Conductive paste<br \/>-USB cable<br \/>-3G card<br \/>-Wi-Fi card<br \/>-Remote Operation Guide<\/p>\n<\/div>\n<\/div>\n<\/div>\n<\/div>\n<\/div>\n<\/div>\n<\/div>\n<\/div>\n<p><a href=\"https:\/\/afrimedics.co.za\/wp-content\/uploads\/2017\/11\/last.jpg\"><img loading=\"lazy\" decoding=\"async\" class=\"aligncenter size-full wp-image-18816\" src=\"https:\/\/afrimedics.co.za\/wp-content\/uploads\/2017\/11\/last.jpg\" alt=\"\" width=\"853\" height=\"640\" srcset=\"https:\/\/www.afrimedics.co.za\/wp-content\/uploads\/2017\/11\/last.jpg 853w, https:\/\/www.afrimedics.co.za\/wp-content\/uploads\/2017\/11\/last-510x383.jpg 510w, https:\/\/www.afrimedics.co.za\/wp-content\/uploads\/2017\/11\/last-533x400.jpg 533w, https:\/\/www.afrimedics.co.za\/wp-content\/uploads\/2017\/11\/last-768x576.jpg 768w\" sizes=\"auto, (max-width: 853px) 100vw, 853px\"><\/a><\/p>\n","protected":false},"excerpt":{"rendered":"<h3>Standard Accessories<\/h3>\n<p>1 ground wire<br \/>1 set limb electrode clamp<br \/>1 paper roll<br \/>1 set chest electrodes<br \/>Power connection<br \/>USB connection<br \/>Software (same languages as internal software)<br \/>Manual: GB, FR, IT, ES<\/p>\n","protected":false},"featured_media":33316,"template":"","meta":{"content-type":""},"product_brand":[],"product_cat":[12739],"product_tag":[6834],"class_list":{"0":"post-55241","1":"product","2":"type-product","3":"status-publish","4":"has-post-thumbnail","6":"product_cat-ecg-medical","7":"product_tag-ecg","9":"first","10":"instock","11":"sale","12":"shipping-taxable","13":"purchasable","14":"product-type-simple"},"_links":{"self":[{"href":"https:\/\/medqpharmaceuticalsupplies.co.za\/index.php?rest_route=\/wp\/v2\/product\/55241","targetHints":{"allow":["GET"]}}],"collection":[{"href":"https:\/\/medqpharmaceuticalsupplies.co.za\/index.php?rest_route=\/wp\/v2\/product"}],"about":[{"href":"https:\/\/medqpharmaceuticalsupplies.co.za\/index.php?rest_route=\/wp\/v2\/types\/product"}],"wp:featuredmedia":[{"embeddable":true,"href":"https:\/\/medqpharmaceuticalsupplies.co.za\/index.php?rest_route=\/wp\/v2\/media\/33316"}],"wp:attachment":[{"href":"https:\/\/medqpharmaceuticalsupplies.co.za\/index.php?rest_route=%2Fwp%2Fv2%2Fmedia&parent=55241"}],"wp:term":[{"taxonomy":"product_brand","embeddable":true,"href":"https:\/\/medqpharmaceuticalsupplies.co.za\/index.php?rest_route=%2Fwp%2Fv2%2Fproduct_brand&post=55241"},{"taxonomy":"product_cat","embeddable":true,"href":"https:\/\/medqpharmaceuticalsupplies.co.za\/index.php?rest_route=%2Fwp%2Fv2%2Fproduct_cat&post=55241"},{"taxonomy":"product_tag","embeddable":true,"href":"https:\/\/medqpharmaceuticalsupplies.co.za\/index.php?rest_route=%2Fwp%2Fv2%2Fproduct_tag&post=55241"}],"curies":[{"name":"wp","href":"https:\/\/api.w.org\/{rel}","templated":true}]}}