{"id":50567,"date":"2026-01-01T17:43:38","date_gmt":"2026-01-01T17:43:38","guid":{"rendered":"https:\/\/medqpharmaceuticalsupplies.co.za\/?post_type=product&#038;p=50567"},"modified":"2026-01-01T17:44:32","modified_gmt":"2026-01-01T17:44:32","slug":"laminar-air-hood-flow-cabinet-vertical","status":"publish","type":"product","link":"https:\/\/medqpharmaceuticalsupplies.co.za\/?product=laminar-air-hood-flow-cabinet-vertical","title":{"rendered":"Laminar Air Hood Flow Cabinet, Vertical."},"content":{"rendered":"<div id=attachment_4874 style=width: 295px class=wp-caption alignnone><img decoding=async aria-describedby=caption-attachment-4874 title=laminar air hood flow cabinet, vertical. class=size-medium wp-image-4874 lazyloaded data-src=https:\/\/www.chemicalplus.co.za\/wp-content\/uploads\/2020\/11\/laminar-air-hood-flow-cabinet-vertical.jpg.webp alt=laminar air hood flow cabinet, vertical. width=285 height=300 src=https:\/\/www.chemicalplus.co.za\/wp-content\/uploads\/2020\/11\/laminar-air-hood-flow-cabinet-vertical.jpg.webp style=--smush-placeholder-width: 285px; --smush-placeholder-aspect-ratio: 285\/300;><noscript><img decoding=async aria-describedby=caption-attachment-4874 title=laminar air hood flow cabinet, vertical. class=size-medium wp-image-4874 src=https:\/\/www.chemicalplus.co.za\/wp-content\/uploads\/2020\/11\/laminar-air-hood-flow-cabinet-vertical.jpg.webp alt=laminar air hood flow cabinet, vertical. width=285 height=300 \/><\/noscript><\/p>\n<p id=caption-attachment-4874 class=wp-caption-text>Laboratory Vertical Laminar Air Hood Flow Cabinet<\/p>\n<\/div>\n<p><strong><span data-spm-anchor-id=a2700.details.pronpeci14.i4.2a141332911vU6>Uses:<\/span><\/strong><\/p>\n<p><strong>Lead Time: 4-6 Weeks<\/strong><\/p>\n<p><strong>Characteristics:<\/strong><\/p>\n<p>1.\u00a0Vertical laminar flow, with SUS 304 stainless steel bench board, effectively prevents external air into the cleaning work environment.<\/p>\n<p>2.\u00a0High quality low noise centrifugal fan ensures the stable speed. Touch type air flow control system, the five sections wind speed control, adjustable speed 0.2-0.6m\/s (initial:0.6m\/s; final:0.2m\/s)<\/p>\n<p>3.\u00a0<span data-spm-anchor-id=a2700.details.pronpeci14.i5.2a141332911vU6>High quality filter ensures dust can be filtered more than 0.3um.<\/span><\/p>\n<p>4.\u00a0UV lamps and lighting control independently.<\/p>\n<p>Optional separating laminar flow cabinet<\/p>\n<p align=left><strong><span data-spm-anchor-id=a2700.details.0.i13.615b2eeaa8agd5>Characteristics<\/span><\/strong><strong>:<\/strong><\/p>\n<p align=left>1.\u00a0\u00a0Vertical laminar flow; enclosed stainless steel bench board, which effectively prevent air flow and keep operator from pungent odor.<\/p>\n<p align=left>2.\u00a0\u00a0Low-noise fan and light touching blowing-rate operational key; adjustable multi-level blowing rate.<\/p>\n<p align=left>3.\u00a0\u00a0High-efficient filter of over 0.3um filtering ratio.<\/p>\n<p align=left><strong>Main\u00a0Technical Parameters<\/strong><strong>:<\/strong><\/p>\n<table class=aliDataTable border=1 cellspacing=0 cellpadding=0>\n<tbody>\n<tr align=center>\n<td align=left>Model<\/td>\n<td>CJ-1D<\/td>\n<td>CJ-1S<\/td>\n<td>CJ-2D<\/td>\n<td>CJ-2S<\/td>\n<\/tr>\n<tr align=left>\n<td>Supply Voltage(V)<\/td>\n<td colspan=4 align=center>220V50Hz<\/td>\n<\/tr>\n<tr align=left>\n<td>Cleanliness<\/td>\n<td colspan=4 align=center>100 grade@\u22650.5\u03bcm (FBI209E)<\/td>\n<\/tr>\n<tr align=left>\n<td>Number of colony<\/td>\n<td colspan=4 align=center>\u22640.5\/utensil.time(\u03a690mm cultivation utensil)<\/td>\n<\/tr>\n<tr align=left>\n<td>Average wind speed<\/td>\n<td colspan=4 align=center>0.3-0.6M\/S(Adjustable)<\/td>\n<\/tr>\n<tr align=left>\n<td>Noise<\/td>\n<td colspan=4 align=center>\u226462\u03b1B(A)<\/td>\n<\/tr>\n<tr align=center>\n<td align=left>Vibration and semi-peak numerical\u00a0v<\/td>\n<td colspan=2>\u22643\u03bcm<\/td>\n<td colspan=2>\u22644\u03bcm<\/td>\n<\/tr>\n<tr align=left>\n<td>Luminance<\/td>\n<td colspan=4 align=center>\u2265300LX<\/td>\n<\/tr>\n<tr align=center>\n<td align=left>Specifications and quantity<\/p>\n<p align=left>of light tube<\/p>\n<\/td>\n<td colspan=2>18W\u00d71\u00a0\u00a0\u00a0\u00a0\u00a0\u00a0\u00a0 20W\u00d72<\/td>\n<td>30W\u00d71\u00a030W\u00d71<\/td>\n<td>18W\u00d71\u00a020W\u00d72<\/td>\n<\/tr>\n<tr align=center>\n<td align=left>Maximum power dissipation<\/td>\n<td colspan=2>0.4KW<\/td>\n<td colspan=2>0.8KW<\/td>\n<\/tr>\n<tr align=center>\n<td align=left>Specification and quantity of(HEPA)<\/td>\n<td colspan=2>820\u00d7600\u00d750\u00d71<\/td>\n<td colspan=2>\n<p data-spm-anchor-id=a2700.details.0.i14.615b2eeaa8agd5>610\u00d7610\u00d750\u00d72<\/p>\n<\/td>\n<\/tr>\n<tr align=center>\n<td align=left>Size of working room(mm)<\/td>\n<td>880\u00d7660\u00d7500<\/td>\n<td align=left>880\u00d7700\u00d7500<\/td>\n<td>1310\u00d7660\u00d7500<\/td>\n<td>1310\u00d7700\u00d7500<\/td>\n<\/tr>\n<tr align=center>\n<td align=left>Outer size(mm)<\/td>\n<td>1040\u00d7725\u00d71610<\/td>\n<td align=left>1040\u00d7790\u00d71610<\/td>\n<td>1490\u00d7725\u00d71530<\/td>\n<td>1490\u00d7725\u00d71610<\/td>\n<\/tr>\n<tr align=center>\n<td align=left>Overall dimension of packing(mm)<\/td>\n<td>1220\u00d7900\u00d71770<\/td>\n<td align=left>1220\u00d7950\u00d71870<\/td>\n<td>1660\u00d7900\u00d71760<\/td>\n<td>1660\u00d7950\u00d71760<\/td>\n<\/tr>\n<tr align=center>\n<td align=left>NW(Kg)<\/td>\n<td>160<\/td>\n<td>160<\/td>\n<td>200<\/td>\n<td>200<\/td>\n<\/tr>\n<tr align=center>\n<td align=left>GW(Kg)<\/td>\n<td>225<\/td>\n<td>225<\/td>\n<td>305<\/td>\n<td>305<\/td>\n<\/tr>\n<tr align=center>\n<td rowspan=2 align=left>Operator(s)<\/td>\n<td>One person<\/td>\n<td>One person<\/td>\n<td>Two person<\/td>\n<td>Two Person<\/td>\n<\/tr>\n<tr align=center>\n<td>One side<\/td>\n<td>Two sides<\/td>\n<td>One sides<\/td>\n<td>Two Sides<\/td>\n<\/tr>\n<\/tbody>\n<\/table>\n","protected":false},"excerpt":{"rendered":"<p>High quality low noise centrifugal fan ensures the stable speed. Touch type air flow control system, the five sections wind speed control, adjustable speed 0.2-0.6m\/s (initial:0.6m\/s; final:0.2m\/s)<\/p>\n","protected":false},"featured_media":50610,"template":"","meta":{"content-type":""},"product_brand":[],"product_cat":[11376],"product_tag":[11397],"class_list":{"0":"post-50567","1":"product","2":"type-product","3":"status-publish","4":"has-post-thumbnail","6":"product_cat-medical-equipment","7":"product_tag-laboratory-equipmentmedical-equipment","9":"first","10":"instock","11":"sale","12":"shipping-taxable","13":"purchasable","14":"product-type-simple"},"_links":{"self":[{"href":"https:\/\/medqpharmaceuticalsupplies.co.za\/index.php?rest_route=\/wp\/v2\/product\/50567","targetHints":{"allow":["GET"]}}],"collection":[{"href":"https:\/\/medqpharmaceuticalsupplies.co.za\/index.php?rest_route=\/wp\/v2\/product"}],"about":[{"href":"https:\/\/medqpharmaceuticalsupplies.co.za\/index.php?rest_route=\/wp\/v2\/types\/product"}],"wp:featuredmedia":[{"embeddable":true,"href":"https:\/\/medqpharmaceuticalsupplies.co.za\/index.php?rest_route=\/wp\/v2\/media\/50610"}],"wp:attachment":[{"href":"https:\/\/medqpharmaceuticalsupplies.co.za\/index.php?rest_route=%2Fwp%2Fv2%2Fmedia&parent=50567"}],"wp:term":[{"taxonomy":"product_brand","embeddable":true,"href":"https:\/\/medqpharmaceuticalsupplies.co.za\/index.php?rest_route=%2Fwp%2Fv2%2Fproduct_brand&post=50567"},{"taxonomy":"product_cat","embeddable":true,"href":"https:\/\/medqpharmaceuticalsupplies.co.za\/index.php?rest_route=%2Fwp%2Fv2%2Fproduct_cat&post=50567"},{"taxonomy":"product_tag","embeddable":true,"href":"https:\/\/medqpharmaceuticalsupplies.co.za\/index.php?rest_route=%2Fwp%2Fv2%2Fproduct_tag&post=50567"}],"curies":[{"name":"wp","href":"https:\/\/api.w.org\/{rel}","templated":true}]}}