{"id":32964,"date":"2026-01-01T11:21:19","date_gmt":"2026-01-01T11:21:19","guid":{"rendered":"https:\/\/medqpharmaceuticalsupplies.co.za\/?post_type=product&#038;p=32964"},"modified":"2026-01-01T11:21:42","modified_gmt":"2026-01-01T11:21:42","slug":"digital-baby-clinic-scale-n-ms3500-2","status":"publish","type":"product","link":"https:\/\/medqpharmaceuticalsupplies.co.za\/?product=digital-baby-clinic-scale-n-ms3500-2","title":{"rendered":"Digital Baby Clinic Scale \u00d1 Ms3500"},"content":{"rendered":"","protected":false},"excerpt":{"rendered":"<p>Digital Baby Scale, sleek and smooth design for baby\u00eds comfort. Ultra slim platform design. Light weight and accuracy. Measure your baby without tray or with tray.<\/p>\n<p>Specifications:<\/p>\n<p>MODEL:&nbsp;&nbsp; &nbsp;MS3500<br \/>Capacity&nbsp;&nbsp; &nbsp;0 \u00f1 20kg<br \/>0 \u00f1 10kg \u00f15g10 \u00f1 20kg \u00f1 10g<br \/>Dimensions&nbsp;&nbsp; &nbsp;Base:&nbsp; 340(w) x 330(d) x 50mm (h)Tray:&nbsp; 585 (w) x 280 (d) x 120mm (h)<br \/>Accuracy&nbsp;&nbsp; &nbsp;\u00b1 7.5g &lt;10kg &gt; \u00b1 15g<br \/>Tray&nbsp;&nbsp; &nbsp;Yes<br \/>Units of Measure&nbsp;&nbsp; &nbsp;Kg\/lb<br \/>Function Keys&nbsp;&nbsp; &nbsp;ON\/ZERO\/OFF, UNIT, HOLD<br \/>Stabilisation Time&nbsp;&nbsp; &nbsp;1-2 Seconds<br \/>Operating Temperature&nbsp;&nbsp; &nbsp;5\u221eC \/ 35\u221eC<br \/>Power Supply&nbsp;&nbsp; &nbsp;9V Alkaline Battery (not included with unit) \/ AC Adaptor<br \/>Indicator Display&nbsp;&nbsp; &nbsp;1.0&nbsp; LCD Display with 5 active digits.<br \/>Quality Standard&nbsp;&nbsp; &nbsp;CE<\/p>\n","protected":false},"featured_media":32991,"template":"","meta":{"content-type":""},"product_brand":[],"product_cat":[5796],"product_tag":[5782],"class_list":{"0":"post-32964","1":"product","2":"type-product","3":"status-publish","4":"has-post-thumbnail","6":"product_cat-scales","7":"product_tag-scales","9":"first","10":"instock","11":"sale","12":"shipping-taxable","13":"purchasable","14":"product-type-simple"},"_links":{"self":[{"href":"https:\/\/medqpharmaceuticalsupplies.co.za\/index.php?rest_route=\/wp\/v2\/product\/32964","targetHints":{"allow":["GET"]}}],"collection":[{"href":"https:\/\/medqpharmaceuticalsupplies.co.za\/index.php?rest_route=\/wp\/v2\/product"}],"about":[{"href":"https:\/\/medqpharmaceuticalsupplies.co.za\/index.php?rest_route=\/wp\/v2\/types\/product"}],"wp:featuredmedia":[{"embeddable":true,"href":"https:\/\/medqpharmaceuticalsupplies.co.za\/index.php?rest_route=\/wp\/v2\/media\/32991"}],"wp:attachment":[{"href":"https:\/\/medqpharmaceuticalsupplies.co.za\/index.php?rest_route=%2Fwp%2Fv2%2Fmedia&parent=32964"}],"wp:term":[{"taxonomy":"product_brand","embeddable":true,"href":"https:\/\/medqpharmaceuticalsupplies.co.za\/index.php?rest_route=%2Fwp%2Fv2%2Fproduct_brand&post=32964"},{"taxonomy":"product_cat","embeddable":true,"href":"https:\/\/medqpharmaceuticalsupplies.co.za\/index.php?rest_route=%2Fwp%2Fv2%2Fproduct_cat&post=32964"},{"taxonomy":"product_tag","embeddable":true,"href":"https:\/\/medqpharmaceuticalsupplies.co.za\/index.php?rest_route=%2Fwp%2Fv2%2Fproduct_tag&post=32964"}],"curies":[{"name":"wp","href":"https:\/\/api.w.org\/{rel}","templated":true}]}}